{"id":8014,"date":"2026-03-30T14:09:05","date_gmt":"2026-03-30T12:09:05","guid":{"rendered":"https:\/\/campingpanoramic.fr\/blog\/?page_id=8014"},"modified":"2026-03-30T14:11:05","modified_gmt":"2026-03-30T12:11:05","slug":"a-propos","status":"publish","type":"page","link":"https:\/\/campingpanoramic.fr\/blog\/a-propos\/","title":{"rendered":"\u00c0 propos"},"content":{"rendered":"<p><span style=\"font-size: inherit;\">Camping Panoramic est votre guide pour le camping et le plein air \u2014 destinations panoramiques, \u00e9quipements et accessoires test\u00e9s, conseils pour r\u00e9server, astuces pour un camping \u00e9co-responsable, van life, camping sauvage l\u00e9gal et activit\u00e9s de plein air. Que vous soyez campeur d\u00e9butant ou randonneur confirm\u00e9, nous avons les ressources pour que votre escapade soit parfaite. <\/span><span style=\"font-weight: 400;\">Notre \u00e9quipe rassemble des campeurs passionn\u00e9s, des randonneurs, des van-lifers et des testeurs de mat\u00e9riel outdoor qui dorment sous la tente autant que dans leurs lits.<\/span><\/p>\n","protected":false},"excerpt":{"rendered":"","protected":false},"author":34,"featured_media":0,"parent":0,"menu_order":0,"comment_status":"closed","ping_status":"closed","template":"","meta":{"_acf_changed":false,"manual_indexmenow":false,"indexmenow_id_project":0,"footnotes":""},"class_list":["post-8014","page","type-page","status-publish"],"acf":[],"yoast_head":"<!-- This site is optimized with the Yoast SEO Premium plugin v21.3 (Yoast SEO v27.3) - https:\/\/yoast.com\/product\/yoast-seo-premium-wordpress\/ -->\n<title>\u00c0 propos<\/title>\n<meta name=\"description\" content=\"Camping Panoramic est votre guide pour le camping et le plein air \u2014 destinations panoramiques, \u00e9quipements et accessoires test\u00e9s, conseils pour r\u00e9server,\" \/>\n<meta name=\"robots\" content=\"index, follow, max-snippet:-1, max-image-preview:large, max-video-preview:-1\" \/>\n<link rel=\"canonical\" href=\"https:\/\/campingpanoramic.fr\/blog\/a-propos\/\" \/>\n<meta property=\"og:locale\" content=\"fr_FR\" \/>\n<meta property=\"og:type\" content=\"article\" \/>\n<meta property=\"og:title\" content=\"\u00c0 propos\" \/>\n<meta property=\"og:description\" content=\"Camping Panoramic est votre guide pour le camping et le plein air \u2014 destinations panoramiques, \u00e9quipements et accessoires test\u00e9s, conseils pour r\u00e9server,\" \/>\n<meta property=\"og:url\" content=\"https:\/\/campingpanoramic.fr\/blog\/a-propos\/\" \/>\n<meta property=\"og:site_name\" content=\"campingpanoramic\" \/>\n<meta name=\"twitter:card\" content=\"summary_large_image\" \/>\n<script type=\"application\/ld+json\" class=\"yoast-schema-graph\">{\"@context\":\"https:\\\/\\\/schema.org\",\"@graph\":[{\"@type\":\"WebPage\",\"@id\":\"https:\\\/\\\/campingpanoramic.fr\\\/blog\\\/a-propos\\\/\",\"url\":\"https:\\\/\\\/campingpanoramic.fr\\\/blog\\\/a-propos\\\/\",\"name\":\"\u00c0 propos\",\"isPartOf\":{\"@id\":\"https:\\\/\\\/campingpanoramic.fr\\\/blog\\\/#website\"},\"datePublished\":\"2026-03-30T12:09:05+00:00\",\"dateModified\":\"2026-03-30T12:11:05+00:00\",\"description\":\"Camping Panoramic est votre guide pour le camping et le plein air \u2014 destinations panoramiques, \u00e9quipements et accessoires test\u00e9s, conseils pour r\u00e9server,\",\"inLanguage\":\"fr-FR\",\"potentialAction\":[{\"@type\":\"ReadAction\",\"target\":[\"https:\\\/\\\/campingpanoramic.fr\\\/blog\\\/a-propos\\\/\"]}]},{\"@type\":\"WebSite\",\"@id\":\"https:\\\/\\\/campingpanoramic.fr\\\/blog\\\/#website\",\"url\":\"https:\\\/\\\/campingpanoramic.fr\\\/blog\\\/\",\"name\":\"campingpanoramic.fr\",\"description\":\"Votre escapade panoramique vous attend.\",\"publisher\":{\"@id\":\"https:\\\/\\\/campingpanoramic.fr\\\/blog\\\/#organization\"},\"alternateName\":\"Votre escapade panoramique vous attend.\",\"potentialAction\":[{\"@type\":\"SearchAction\",\"target\":{\"@type\":\"EntryPoint\",\"urlTemplate\":\"https:\\\/\\\/campingpanoramic.fr\\\/blog\\\/?s={search_term_string}\"},\"query-input\":{\"@type\":\"PropertyValueSpecification\",\"valueRequired\":true,\"valueName\":\"search_term_string\"}}],\"inLanguage\":\"fr-FR\"},{\"@type\":\"Organization\",\"@id\":\"https:\\\/\\\/campingpanoramic.fr\\\/blog\\\/#organization\",\"name\":\"Foretsensations.fr\",\"url\":\"https:\\\/\\\/campingpanoramic.fr\\\/blog\\\/\",\"logo\":{\"@type\":\"ImageObject\",\"inLanguage\":\"fr-FR\",\"@id\":\"https:\\\/\\\/campingpanoramic.fr\\\/blog\\\/#\\\/schema\\\/logo\\\/image\\\/\",\"url\":\"https:\\\/\\\/campingpanoramic.fr\\\/blog\\\/wp-content\\\/uploads\\\/2024\\\/12\\\/Campingpanoramic.png\",\"contentUrl\":\"https:\\\/\\\/campingpanoramic.fr\\\/blog\\\/wp-content\\\/uploads\\\/2024\\\/12\\\/Campingpanoramic.png\",\"width\":500,\"height\":500,\"caption\":\"Foretsensations.fr\"},\"image\":{\"@id\":\"https:\\\/\\\/campingpanoramic.fr\\\/blog\\\/#\\\/schema\\\/logo\\\/image\\\/\"}}]}<\/script>\n<!-- \/ Yoast SEO Premium plugin. -->","yoast_head_json":{"title":"\u00c0 propos","description":"Camping Panoramic est votre guide pour le camping et le plein air \u2014 destinations panoramiques, \u00e9quipements et accessoires test\u00e9s, conseils pour r\u00e9server,","robots":{"index":"index","follow":"follow","max-snippet":"max-snippet:-1","max-image-preview":"max-image-preview:large","max-video-preview":"max-video-preview:-1"},"canonical":"https:\/\/campingpanoramic.fr\/blog\/a-propos\/","og_locale":"fr_FR","og_type":"article","og_title":"\u00c0 propos","og_description":"Camping Panoramic est votre guide pour le camping et le plein air \u2014 destinations panoramiques, \u00e9quipements et accessoires test\u00e9s, conseils pour r\u00e9server,","og_url":"https:\/\/campingpanoramic.fr\/blog\/a-propos\/","og_site_name":"campingpanoramic","twitter_card":"summary_large_image","schema":{"@context":"https:\/\/schema.org","@graph":[{"@type":"WebPage","@id":"https:\/\/campingpanoramic.fr\/blog\/a-propos\/","url":"https:\/\/campingpanoramic.fr\/blog\/a-propos\/","name":"\u00c0 propos","isPartOf":{"@id":"https:\/\/campingpanoramic.fr\/blog\/#website"},"datePublished":"2026-03-30T12:09:05+00:00","dateModified":"2026-03-30T12:11:05+00:00","description":"Camping Panoramic est votre guide pour le camping et le plein air \u2014 destinations panoramiques, \u00e9quipements et accessoires test\u00e9s, conseils pour r\u00e9server,","inLanguage":"fr-FR","potentialAction":[{"@type":"ReadAction","target":["https:\/\/campingpanoramic.fr\/blog\/a-propos\/"]}]},{"@type":"WebSite","@id":"https:\/\/campingpanoramic.fr\/blog\/#website","url":"https:\/\/campingpanoramic.fr\/blog\/","name":"campingpanoramic.fr","description":"Votre escapade panoramique vous attend.","publisher":{"@id":"https:\/\/campingpanoramic.fr\/blog\/#organization"},"alternateName":"Votre escapade panoramique vous attend.","potentialAction":[{"@type":"SearchAction","target":{"@type":"EntryPoint","urlTemplate":"https:\/\/campingpanoramic.fr\/blog\/?s={search_term_string}"},"query-input":{"@type":"PropertyValueSpecification","valueRequired":true,"valueName":"search_term_string"}}],"inLanguage":"fr-FR"},{"@type":"Organization","@id":"https:\/\/campingpanoramic.fr\/blog\/#organization","name":"Foretsensations.fr","url":"https:\/\/campingpanoramic.fr\/blog\/","logo":{"@type":"ImageObject","inLanguage":"fr-FR","@id":"https:\/\/campingpanoramic.fr\/blog\/#\/schema\/logo\/image\/","url":"https:\/\/campingpanoramic.fr\/blog\/wp-content\/uploads\/2024\/12\/Campingpanoramic.png","contentUrl":"https:\/\/campingpanoramic.fr\/blog\/wp-content\/uploads\/2024\/12\/Campingpanoramic.png","width":500,"height":500,"caption":"Foretsensations.fr"},"image":{"@id":"https:\/\/campingpanoramic.fr\/blog\/#\/schema\/logo\/image\/"}}]}},"_links":{"self":[{"href":"https:\/\/campingpanoramic.fr\/blog\/wp-json\/wp\/v2\/pages\/8014","targetHints":{"allow":["GET"]}}],"collection":[{"href":"https:\/\/campingpanoramic.fr\/blog\/wp-json\/wp\/v2\/pages"}],"about":[{"href":"https:\/\/campingpanoramic.fr\/blog\/wp-json\/wp\/v2\/types\/page"}],"author":[{"embeddable":true,"href":"https:\/\/campingpanoramic.fr\/blog\/wp-json\/wp\/v2\/users\/34"}],"replies":[{"embeddable":true,"href":"https:\/\/campingpanoramic.fr\/blog\/wp-json\/wp\/v2\/comments?post=8014"}],"version-history":[{"count":3,"href":"https:\/\/campingpanoramic.fr\/blog\/wp-json\/wp\/v2\/pages\/8014\/revisions"}],"predecessor-version":[{"id":8018,"href":"https:\/\/campingpanoramic.fr\/blog\/wp-json\/wp\/v2\/pages\/8014\/revisions\/8018"}],"wp:attachment":[{"href":"https:\/\/campingpanoramic.fr\/blog\/wp-json\/wp\/v2\/media?parent=8014"}],"curies":[{"name":"wp","href":"https:\/\/api.w.org\/{rel}","templated":true}]}}